{"id":1048,"date":"2017-01-23T16:57:00","date_gmt":"2017-01-23T16:57:00","guid":{"rendered":"https:\/\/www.dsconsultant.net\/blog\/?page_id=1048"},"modified":"2018-04-18T17:46:55","modified_gmt":"2018-04-18T17:46:55","slug":"services-informatiques","status":"publish","type":"page","link":"https:\/\/dsconsultant.net\/blog\/services-informatiques","title":{"rendered":"Services informatiques &#8211; Apple Macintosh &#8211; Pc Windows"},"content":{"rendered":"<p><strong>Audit informatique &#8211; Conseils &#8211; Assistance &#8211; Formation &#8211; D\u00e9veloppement\u00a0<\/strong><\/p>\n<p><strong>Une \u00ab\u00a0direction\u00a0\u00bb informatique externalis\u00e9e pour quoi faire ?<\/strong><\/p>\n<p>D\u00e9j\u00e0 2 questions en une :<\/p>\n<p><span style=\"text-decoration: underline;\"><strong>Une direction informatique ?<\/strong><\/span><br \/>\n&#8211; Votre besoin informatique a \u00e9volu\u00e9 et vous avez du mal \u00e0 y voir clair<br \/>\n&#8211; Votre responsable informatique a besoin d&rsquo;un soutien<br \/>\n&#8211; Votre informatique est suivie par un employ\u00e9 poss\u00e9dant quelques connaissances informatiques suppl\u00e9mentaires ou un go\u00fbt marqu\u00e9 pour les Nouvelles Technologies<br \/>\n&#8211; Vous sentez le besoin d&rsquo;une structure informatique mieux optimis\u00e9e<\/p>\n<p><span style=\"text-decoration: underline;\"><strong>Externalis\u00e9e ?<\/strong><\/span><br \/>\n&#8211; Parce qu&rsquo;il est plus important de vous concentrer sur votre m\u00e9tier<br \/>\n&#8211; Parce que votre parc informatique ne g\u00e9n\u00e8re pas assez de travail pour une direction en interne<br \/>\n&#8211; Parce que le co\u00fbt serait prohibitif pour obtenir seulement les bons conseils au bon moment<br \/>\n&#8211; Parce qu&rsquo;un regard professionnel ext\u00e9rieur permet de b\u00e9n\u00e9ficier d&rsquo;une grande exp\u00e9rience<br \/>\n&#8211; Parce que vous n&rsquo;\u00eates souvent pas le seul \u00e0 avoir ce genre de soucis<br \/>\n&#8211; Parce qu&rsquo;il est inutile de tout r\u00e9inventer \u00e0 chaque fois<\/p>\n<p>sur 2 axes qu&rsquo;il n&rsquo;est pas ais\u00e9 de dissocier<\/p>\n<p><span style=\"text-decoration: underline;\"><strong>Mat\u00e9riel :<\/strong><\/span><br \/>\nEtude des besoins r\u00e9els en fonction du pass\u00e9, du pr\u00e9sent et de l&rsquo;avenir.<\/p>\n<p>&#8211; Etude du mat\u00e9riel, obsol\u00e8te ou r\u00e9utilisable pour d&rsquo;autres fonctions en regard de l&rsquo;actualit\u00e9 du march\u00e9 et de son \u00e9volution.<br \/>\nEn effet, il n&rsquo;est pas forc\u00e9ment utile de pr\u00e9voir des configurations derniers cris co\u00fbtant souvent 40 \u00e0 50 % voire 100% plus ch\u00e8res pour au final, obtenir un mat\u00e9riel \u00e0 peine 10% plus performant et encore, sur des caract\u00e9ristiques qui n&rsquo;ont peut-\u00eatre pas vraiment d&rsquo;int\u00e9r\u00eat dans votre cas. Mais attention \u00e9galement, une sous-\u00e9valuation peut \u00e9galement co\u00fbter tr\u00e8s vite tr\u00e8s ch\u00e8re.<br \/>\nUne parfaite connaissance de l&rsquo;actualit\u00e9 informatique et une vue globale permet d&rsquo;\u00e9viter de nombreux pi\u00e8ges dans lesquels les services marketing des fournisseurs vous entra\u00eenent volontiers.<br \/>\nIl vous est souvent proposer de flatter votre ego ou \u00ab\u00a0liquider\u00a0\u00bb ce qui est disponible plut\u00f4t que de coller au mieux \u00e0 vos besoins en tenant compte du rapport\/coutperformance indispensable.<br \/>\nUne excellente connaissance des fournisseurs et de leurs forces et faiblesses sur certains points, une parfaite ind\u00e9pendance, me permet de vous aider \u00e0 faire les bons choix pour un besoin pr\u00e9cis<\/p>\n<p><span style=\"text-decoration: underline;\"><strong>&#8211; Modification n\u00e9cessaire de configuration globale<\/strong><\/span><br \/>\nEh oui, votre parc informatique a souvent \u00ab\u00a0grossi\u00a0\u00bb en m\u00eame temps que votre soci\u00e9t\u00e9 et souvent de fa\u00e7on un peu h\u00e9t\u00e9rog\u00e8ne, en fonction des besoins du moment. Une r\u00e9flexion approfondie face \u00e0 votre parc actuel est souvent utiles et n\u00e9cessite un recul indispensable difficile \u00e0 obtenir en interne ou de la part d&rsquo;un fournisseur dont les int\u00e9r\u00eats ne sont pas forc\u00e9ment les m\u00eames que les v\u00f4tres<\/p>\n<p><span style=\"text-decoration: underline;\"><strong>&#8211; Analyse de l&rsquo;utilisation des solutions en place<\/strong><\/span><br \/>\nL\u00e0 encore, beaucoup de logiciels o\u00f9 mat\u00e9riels ont \u00e9t\u00e9 acquis dans une situation donn\u00e9e pour un besoin pr\u00e9cis et vous m\u00e9connaissez souvent leur potentiel r\u00e9el.<br \/>\nVous n&rsquo;avez souvent pas le temps de vous plonger dans des manuels d&rsquo;utilisation fastidieux, et de plus, pas toujours en fran\u00e7ais, pour d\u00e9couvrir les autres fonctions. Vous demandez donc \u00e0 un fournisseur (\u00ab\u00a0vendeur\u00a0\u00bb), une solution \u00e0 votre nouveau besoin et rares seront ceux qui vous diront : \u00ab\u00a0mais vous avez d\u00e9j\u00e0 tout ce qu&rsquo;il vous faut, regardez&#8230;\u00a0\u00bb. Mais attention encore une fois, l\u00e0 aussi l&rsquo;inverse existe. Souvent, un fournisseur n&rsquo;ayant pas forc\u00e9ment ce que vous souhaitez, essaiera de vous convaincre que vous n&rsquo;en avez pas besoin&#8230; uniquement pour que vous n&rsquo;alliez pas voir chez le voisin et esp\u00e9rant ainsi renforcer la confiance que vous pourriez lui porter pour un prochain achat.<\/p>\n<p>Logiciels :<br \/>\nObservation des connaissances r\u00e9elles des logiciels utilis\u00e9s.<br \/>\n&#8211; Comme pour le mat\u00e9riel, un tableur par exemple, est souvent utilis\u00e9 pour r\u00e9soudre quelques cas pr\u00e9cis en fonction de connaissances (parfois) acquises \u00e0 l&rsquo;\u00e9cole il y a bien longtemps (dans le meilleur des cas). Or un tableau de bord a \u00e9galement vite fait d&rsquo;\u00e9voluer au fil du temps et des besoins \u00ab\u00a0urgents\u00a0\u00bb, et devient une \u00ab\u00a0usine \u00e0 gaz\u00a0\u00bb difficile \u00e0 maintenir ou \u00e0 expliquer \u00e0 un de ses coll\u00e8gues qui doit prendre le relais.<br \/>\nVotre solution de gestion, si vous en poss\u00e9dez une, est souvent sous utilis\u00e9e.<br \/>\nBesoin de formation, de mise \u00e0 niveau des connaissances sur ce que peut et doit faire votre syst\u00e8me.<br \/>\nUne longue exp\u00e9rience d&rsquo;optimisation des mises en place d&rsquo;un certain nombre de syst\u00e8mes de gestion, comptabilit\u00e9 Sage, M\u00e9t\u00e9or, Multipaie, Multicompta dans des environnements h\u00e9t\u00e9rog\u00e8nes vous permet de continuer \u00e0 \u00e9voluer en vous concentrant sur votre m\u00e9tier et non sur votre informatique<\/p>\n","protected":false},"excerpt":{"rendered":"<p>Audit informatique &#8211; Conseils &#8211; Assistance &#8211; Formation &#8211; D\u00e9veloppement\u00a0 Une \u00ab\u00a0direction\u00a0\u00bb informatique externalis\u00e9e pour quoi faire ? D\u00e9j\u00e0 2 questions en une : Une direction informatique ? &#8211; Votre besoin informatique a \u00e9volu\u00e9 et vous avez du mal \u00e0 y voir clair &#8211; Votre responsable informatique a besoin d&rsquo;un soutien &#8211; Votre informatique est [&hellip;]<\/p>\n","protected":false},"author":1,"featured_media":0,"parent":0,"menu_order":0,"comment_status":"closed","ping_status":"closed","template":"","meta":{"spay_email":""},"yoast_head":"<!-- This site is optimized with the Yoast SEO plugin v19.0 - https:\/\/yoast.com\/wordpress\/plugins\/seo\/ -->\n<title>Services informatiques - Apple Macintosh - Pc Windows<\/title>\n<meta name=\"robots\" content=\"index, follow, max-snippet:-1, max-image-preview:large, max-video-preview:-1\" \/>\n<link rel=\"canonical\" href=\"https:\/\/dsconsultant.net\/blog\/services-informatiques\" \/>\n<meta property=\"og:locale\" content=\"fr_FR\" \/>\n<meta property=\"og:type\" content=\"article\" \/>\n<meta property=\"og:title\" content=\"Services informatiques - Apple Macintosh - Pc Windows\" \/>\n<meta property=\"og:description\" content=\"Audit informatique &#8211; Conseils &#8211; Assistance &#8211; Formation &#8211; D\u00e9veloppement\u00a0 Une \u00ab\u00a0direction\u00a0\u00bb informatique externalis\u00e9e pour quoi faire ? D\u00e9j\u00e0 2 questions en une : Une direction informatique ? &#8211; Votre besoin informatique a \u00e9volu\u00e9 et vous avez du mal \u00e0 y voir clair &#8211; Votre responsable informatique a besoin d&rsquo;un soutien &#8211; Votre informatique est [&hellip;]\" \/>\n<meta property=\"og:url\" content=\"https:\/\/dsconsultant.net\/blog\/services-informatiques\" \/>\n<meta property=\"og:site_name\" content=\"Mes Notes, Astuces &amp; Conseils informatiques\" \/>\n<meta property=\"article:publisher\" content=\"https:\/\/www.facebook.com\/dsconsultant.net\/\" \/>\n<meta property=\"article:modified_time\" content=\"2018-04-18T17:46:55+00:00\" \/>\n<meta name=\"twitter:card\" content=\"summary_large_image\" \/>\n<meta name=\"twitter:label1\" content=\"Dur\u00e9e de lecture estim\u00e9e\" \/>\n\t<meta name=\"twitter:data1\" content=\"4 minutes\" \/>\n<script type=\"application\/ld+json\" class=\"yoast-schema-graph\">{\"@context\":\"https:\/\/schema.org\",\"@graph\":[{\"@type\":\"WebSite\",\"@id\":\"https:\/\/dsconsultant.net\/blog\/#website\",\"url\":\"https:\/\/dsconsultant.net\/blog\/\",\"name\":\"Mes Notes, Astuces &amp; Conseils informatiques\",\"description\":\"Dominique Schos Consultant Conseil informatique Maroc\",\"potentialAction\":[{\"@type\":\"SearchAction\",\"target\":{\"@type\":\"EntryPoint\",\"urlTemplate\":\"https:\/\/dsconsultant.net\/blog\/?s={search_term_string}\"},\"query-input\":\"required name=search_term_string\"}],\"inLanguage\":\"fr-FR\"},{\"@type\":\"WebPage\",\"@id\":\"https:\/\/dsconsultant.net\/blog\/services-informatiques#webpage\",\"url\":\"https:\/\/dsconsultant.net\/blog\/services-informatiques\",\"name\":\"Services informatiques - Apple Macintosh - Pc Windows\",\"isPartOf\":{\"@id\":\"https:\/\/dsconsultant.net\/blog\/#website\"},\"datePublished\":\"2017-01-23T16:57:00+00:00\",\"dateModified\":\"2018-04-18T17:46:55+00:00\",\"breadcrumb\":{\"@id\":\"https:\/\/dsconsultant.net\/blog\/services-informatiques#breadcrumb\"},\"inLanguage\":\"fr-FR\",\"potentialAction\":[{\"@type\":\"ReadAction\",\"target\":[\"https:\/\/dsconsultant.net\/blog\/services-informatiques\"]}]},{\"@type\":\"BreadcrumbList\",\"@id\":\"https:\/\/dsconsultant.net\/blog\/services-informatiques#breadcrumb\",\"itemListElement\":[{\"@type\":\"ListItem\",\"position\":1,\"name\":\"Accueil\",\"item\":\"https:\/\/dsconsultant.net\/blog\"},{\"@type\":\"ListItem\",\"position\":2,\"name\":\"Services informatiques &#8211; Apple Macintosh &#8211; Pc Windows\"}]}]}<\/script>\n<!-- \/ Yoast SEO plugin. -->","yoast_head_json":{"title":"Services informatiques - Apple Macintosh - Pc Windows","robots":{"index":"index","follow":"follow","max-snippet":"max-snippet:-1","max-image-preview":"max-image-preview:large","max-video-preview":"max-video-preview:-1"},"canonical":"https:\/\/dsconsultant.net\/blog\/services-informatiques","og_locale":"fr_FR","og_type":"article","og_title":"Services informatiques - Apple Macintosh - Pc Windows","og_description":"Audit informatique &#8211; Conseils &#8211; Assistance &#8211; Formation &#8211; D\u00e9veloppement\u00a0 Une \u00ab\u00a0direction\u00a0\u00bb informatique externalis\u00e9e pour quoi faire ? D\u00e9j\u00e0 2 questions en une : Une direction informatique ? &#8211; Votre besoin informatique a \u00e9volu\u00e9 et vous avez du mal \u00e0 y voir clair &#8211; Votre responsable informatique a besoin d&rsquo;un soutien &#8211; Votre informatique est [&hellip;]","og_url":"https:\/\/dsconsultant.net\/blog\/services-informatiques","og_site_name":"Mes Notes, Astuces &amp; Conseils informatiques","article_publisher":"https:\/\/www.facebook.com\/dsconsultant.net\/","article_modified_time":"2018-04-18T17:46:55+00:00","twitter_card":"summary_large_image","twitter_misc":{"Dur\u00e9e de lecture estim\u00e9e":"4 minutes"},"schema":{"@context":"https:\/\/schema.org","@graph":[{"@type":"WebSite","@id":"https:\/\/dsconsultant.net\/blog\/#website","url":"https:\/\/dsconsultant.net\/blog\/","name":"Mes Notes, Astuces &amp; Conseils informatiques","description":"Dominique Schos Consultant Conseil informatique Maroc","potentialAction":[{"@type":"SearchAction","target":{"@type":"EntryPoint","urlTemplate":"https:\/\/dsconsultant.net\/blog\/?s={search_term_string}"},"query-input":"required name=search_term_string"}],"inLanguage":"fr-FR"},{"@type":"WebPage","@id":"https:\/\/dsconsultant.net\/blog\/services-informatiques#webpage","url":"https:\/\/dsconsultant.net\/blog\/services-informatiques","name":"Services informatiques - Apple Macintosh - Pc Windows","isPartOf":{"@id":"https:\/\/dsconsultant.net\/blog\/#website"},"datePublished":"2017-01-23T16:57:00+00:00","dateModified":"2018-04-18T17:46:55+00:00","breadcrumb":{"@id":"https:\/\/dsconsultant.net\/blog\/services-informatiques#breadcrumb"},"inLanguage":"fr-FR","potentialAction":[{"@type":"ReadAction","target":["https:\/\/dsconsultant.net\/blog\/services-informatiques"]}]},{"@type":"BreadcrumbList","@id":"https:\/\/dsconsultant.net\/blog\/services-informatiques#breadcrumb","itemListElement":[{"@type":"ListItem","position":1,"name":"Accueil","item":"https:\/\/dsconsultant.net\/blog"},{"@type":"ListItem","position":2,"name":"Services informatiques &#8211; Apple Macintosh &#8211; Pc Windows"}]}]}},"_links":{"self":[{"href":"https:\/\/dsconsultant.net\/blog\/wp-json\/wp\/v2\/pages\/1048"}],"collection":[{"href":"https:\/\/dsconsultant.net\/blog\/wp-json\/wp\/v2\/pages"}],"about":[{"href":"https:\/\/dsconsultant.net\/blog\/wp-json\/wp\/v2\/types\/page"}],"author":[{"embeddable":true,"href":"https:\/\/dsconsultant.net\/blog\/wp-json\/wp\/v2\/users\/1"}],"replies":[{"embeddable":true,"href":"https:\/\/dsconsultant.net\/blog\/wp-json\/wp\/v2\/comments?post=1048"}],"version-history":[{"count":0,"href":"https:\/\/dsconsultant.net\/blog\/wp-json\/wp\/v2\/pages\/1048\/revisions"}],"wp:attachment":[{"href":"https:\/\/dsconsultant.net\/blog\/wp-json\/wp\/v2\/media?parent=1048"}],"curies":[{"name":"wp","href":"https:\/\/api.w.org\/{rel}","templated":true}]}}